{"id":234,"date":"2023-10-12T09:03:22","date_gmt":"2023-10-12T09:03:22","guid":{"rendered":"https:\/\/batura.eus\/batura\/"},"modified":"2023-10-15T10:11:01","modified_gmt":"2023-10-15T10:11:01","slug":"batura","status":"publish","type":"page","link":"https:\/\/batura.eus\/es\/batura\/","title":{"rendered":"Batura"},"content":{"rendered":"\n<h2 class=\"wp-block-heading\"><strong>\u00bfQu\u00e9 es Batura?<\/strong><\/h2>\n\n<p>Identificamos a los colectivos que queremos vivir y trabajar con ayuda mutua y valores sociales, haci\u00e9ndolos visibles en un mapa a favor de la cooperaci\u00f3n. <\/p>\n\n<p>Batura es el mapa de la Econom\u00eda Social Transformadora de Euskal Herria Social, como mapa de iniciativas que ponen la vida en el centro y que aportan soluciones a los problemas del territorio. Transformador, porque es una alternativa s\u00f3lida ante un mundo sometido al mercado y al capital. <\/p>\n\n<p>Nuestro objetivo es acercar la econom\u00eda social a la ciudadan\u00eda, pero este es el primer paso del camino que queremos recorrer. El nuestro es un camino que nace de la participaci\u00f3n ciudadana y se dirige a la transformaci\u00f3n social. <\/p>\n\n<div class=\"wp-block-columns is-layout-flex wp-container-core-columns-layout-1 wp-block-columns-is-layout-flex\">\n<div class=\"wp-block-column is-layout-flow wp-block-column-is-layout-flow\">\n<h3 class=\"wp-block-heading\"><strong>Somos una iniciativa abierta<\/strong><\/h3>\n\n\n\n<p><strong>Como persona<\/strong>, encontrar\u00e1s alternativas para que puedas consumir en funci\u00f3n de tus valores, como la alimentaci\u00f3n, los servicios o la energ\u00eda. Adem\u00e1s, puedes formar parte del proyecto, identificando nuevos agentes y proponiendo su incorporaci\u00f3n al mapa.<\/p>\n\n\n\n<p><strong>Como agente<\/strong>, puedes sumarte a la iniciativa aportando visibilidad a tu proyecto y poni\u00e9ndote en contacto con otras empresas, asociaciones y cooperativas que forman parte de la econom\u00eda social.<\/p>\n<\/div>\n\n\n\n<div class=\"wp-block-column is-layout-flow wp-block-column-is-layout-flow\">\n<h3 class=\"wp-block-heading\"><strong>\u00a1Es m\u00e1s que un mapa!<\/strong><\/h3>\n\n\n\n<p>Entrevistamos a todos los agentes incorporados al mapa a trav\u00e9s de <strong>un cuestionario<\/strong> de 16 criterios que miden su organizaci\u00f3n interna, su impacto social y su impacto ambiental.<\/p>\n\n\n\n<p>Adem\u00e1s de ser un escaparate de proyectos transformadores, facilitamos <strong>la intercooperaci\u00f3n<\/strong> y la relaci\u00f3n entre ellos.<\/p>\n\n\n\n<p>M\u00e1s all\u00e1, en Batura tambi\u00e9n realizamos <strong>un diagn\u00f3stico<\/strong> de los valores de la Econom\u00eda Social Transformadora, identificando las fortalezas y necesidades de las instituciones y \u00e1mbitos territoriales.<\/p>\n<\/div>\n<\/div>\n\n<h2 class=\"wp-block-heading\"><strong>Econom\u00eda Social Transformadora<\/strong><\/h2>\n\n<div class=\"wp-block-columns is-layout-flex wp-container-core-columns-layout-2 wp-block-columns-is-layout-flex\">\n<div class=\"wp-block-column is-layout-flow wp-block-column-is-layout-flow\">\n<p>Frente a la crisis econ\u00f3mica sistem\u00e1tica que vivimos, propone nuevos modelos sociales y econ\u00f3micos de transformaci\u00f3n social basados en la democratizaci\u00f3n econ\u00f3mica, la autogesti\u00f3n del trabajo, la priorizaci\u00f3n de las personas por encima del capital, la sostenibilidad de la vida y la cooperaci\u00f3n.<\/p>\n\n\n\n<p>La Econom\u00eda Social Transformadora pretende superar el modelo capitalista de la econom\u00eda y la vida, poniendo en el centro otros valores:<\/p>\n\n\n\n<ul>\n<li>La prioridad es satisfacer las necesidades del territorio y de los residentes sobre la acumulaci\u00f3n de beneficios. <\/li>\n\n\n\n<li>Apuesta por la propiedad colectiva y la gesti\u00f3n democr\u00e1tica.<\/li>\n\n\n\n<li>Incorpora la perspectiva feminista de forma transversal<\/li>\n\n\n\n<li>Comprometida con la comunidad y la sostenibilidad del medio ambiente.<\/li>\n\n\n\n<li>Se basa en la participaci\u00f3n<\/li>\n\n\n\n<li>Tiene una visi\u00f3n transformadora de la sociedad y de la econom\u00eda.<\/li>\n<\/ul>\n<\/div>\n\n\n\n<div class=\"wp-block-column is-layout-flow wp-block-column-is-layout-flow\">\n<p>Esta propuesta va m\u00e1s all\u00e1 de un mero discurso. De hecho, en Euskal Herria se est\u00e1n creando y ampliando alternativas econ\u00f3micas basadas en la Econom\u00eda Social Transformadora. Por ejemplo, finanzas \u00e9ticas y solidarias, agricultura agroecol\u00f3gica y circuitos cortos de comercializaci\u00f3n, producci\u00f3n y venta energ\u00e9tica sostenible o modelos de organizaci\u00f3n empresarial horizontales y participativos.<\/p>\n\n\n\n<p>Todas estas iniciativas refuerzan las relaciones sociales igualitarias y generan modelos econ\u00f3micos y sociales sostenibles y justos, poniendo a la persona y al medio ambiente en el centro. \u00bfC\u00f3mo? Profundizando en el desarrollo local, creando empleos dignos y estables e invirtiendo el beneficio que generan en las necesidades del territorio y de la comunidad.<\/p>\n<\/div>\n<\/div>\n","protected":false},"excerpt":{"rendered":"<p>\u00bfQu\u00e9 es Batura? Identificamos a los colectivos que queremos vivir y trabajar con ayuda mutua y valores sociales, haci\u00e9ndolos visibles en un mapa a favor de la cooperaci\u00f3n. Batura es el mapa de la Econom\u00eda Social Transformadora de Euskal Herria Social, como mapa de iniciativas que ponen la vida en el centro y que aportan [&hellip;]<\/p>\n","protected":false},"author":1,"featured_media":0,"parent":0,"menu_order":0,"comment_status":"closed","ping_status":"closed","template":"","meta":{"footnotes":""},"_links":{"self":[{"href":"https:\/\/batura.eus\/es\/wp-json\/wp\/v2\/pages\/234"}],"collection":[{"href":"https:\/\/batura.eus\/es\/wp-json\/wp\/v2\/pages"}],"about":[{"href":"https:\/\/batura.eus\/es\/wp-json\/wp\/v2\/types\/page"}],"author":[{"embeddable":true,"href":"https:\/\/batura.eus\/es\/wp-json\/wp\/v2\/users\/1"}],"replies":[{"embeddable":true,"href":"https:\/\/batura.eus\/es\/wp-json\/wp\/v2\/comments?post=234"}],"version-history":[{"count":6,"href":"https:\/\/batura.eus\/es\/wp-json\/wp\/v2\/pages\/234\/revisions"}],"predecessor-version":[{"id":270,"href":"https:\/\/batura.eus\/es\/wp-json\/wp\/v2\/pages\/234\/revisions\/270"}],"wp:attachment":[{"href":"https:\/\/batura.eus\/es\/wp-json\/wp\/v2\/media?parent=234"}],"curies":[{"name":"wp","href":"https:\/\/api.w.org\/{rel}","templated":true}]}}