{"id":239,"date":"2023-10-12T09:03:22","date_gmt":"2023-10-12T09:03:22","guid":{"rendered":"https:\/\/batura.eus\/batura\/"},"modified":"2023-10-15T11:10:11","modified_gmt":"2023-10-15T11:10:11","slug":"batura","status":"publish","type":"page","link":"https:\/\/batura.eus\/fr\/batura\/","title":{"rendered":"Batura"},"content":{"rendered":"\n<h2 class=\"wp-block-heading\"><strong>Qu&rsquo;est-ce que Batura?<\/strong><\/h2>\n\n<p>Nous identifions les collectifs que nous voulons vivre et travailler avec l\u2019aide mutuelle et les valeurs sociales, en les rendant visibles sur une carte en faveur de la coop\u00e9ration. <\/p>\n\n<p>Batura est la carte de l&rsquo;Economie Sociale Transformatrice d&rsquo;Euskal Herria, Social comme carte des initiatives qui mettent la vie au centre et apportent des solutions aux probl\u00e8mes du territoire. Transformateur, parce que c&rsquo;est une alternative solide face \u00e0 un monde soumis au march\u00e9 et au capital. <\/p>\n\n<p>Notre objectif est de rapprocher l\u2019\u00e9conomie sociale de la citoyennet\u00e9, mais c\u2019est la premi\u00e8re \u00e9tape du chemin que nous voulons parcourir. Le n\u00f4tre est une voie qui na\u00eet de la participation citoyenne et qui vise \u00e0 la transformation sociale. <\/p>\n\n<div class=\"wp-block-columns is-layout-flex wp-container-core-columns-layout-1 wp-block-columns-is-layout-flex\">\n<div class=\"wp-block-column is-layout-flow wp-block-column-is-layout-flow\">\n<h3 class=\"wp-block-heading\"><strong>Nous sommes une initiative ouverte<\/strong><\/h3>\n\n\n\n<p><strong>En tant que citoyen<\/strong>, vous trouverez des alternatives \u00e0 consommer en fonction de vos valeurs, telles que le secteur alimentaire, les services ou l&rsquo;\u00e9nergie. De plus, vous pouvez faire partie du projet, identifier de nouveaux agents et proposer leur int\u00e9gration sur la carte.<\/p>\n\n\n\n<p><strong>En tant qu\u2019agent<\/strong>, vous pouvez vous joindre \u00e0 l\u2019initiative en donnant de la visibilit\u00e9 \u00e0 votre projet et en contactant d\u2019autres entreprises, associations et coop\u00e9ratives qui font partie de l\u2019\u00e9conomie sociale.<\/p>\n<\/div>\n\n\n\n<div class=\"wp-block-column is-layout-flow wp-block-column-is-layout-flow\">\n<h3 class=\"wp-block-heading\"><strong>C&rsquo;est plus qu&rsquo;une carte !<\/strong><\/h3>\n\n\n\n<p>Nous avons interrog\u00e9 tous les agents sur la carte \u00e0 travers <strong>un questionnaire<\/strong> de 16 crit\u00e8res qui mesurent leur organisation interne, leur impact social et leur impact environnemental.<\/p>\n\n\n\n<p>En plus d\u2019\u00eatre une vitrine de projets transformateurs, nous facilitons <strong>l\u2019intercoop\u00e9ration<\/strong> et la relation entre eux.<\/p>\n\n\n\n<p>Au-del\u00e0, \u00e0 Batura, nous r\u00e9alisons \u00e9galement <strong>un diagnostic<\/strong> des valeurs de l\u2019\u00e9conomie sociale transformatrice, en identifiant les forces et les besoins des institutions et des domaines territoriaux.<\/p>\n<\/div>\n<\/div>\n\n<h2 class=\"wp-block-heading\"><strong>\u00c9conomie sociale transformatrice<\/strong><\/h2>\n\n<div class=\"wp-block-columns is-layout-flex wp-container-core-columns-layout-2 wp-block-columns-is-layout-flex\">\n<div class=\"wp-block-column is-layout-flow wp-block-column-is-layout-flow\">\n<p>Face \u00e0 la crise \u00e9conomique syst\u00e9matique que nous vivons, elle propose de nouveaux mod\u00e8les sociaux et \u00e9conomiques de transformation sociale bas\u00e9s sur la d\u00e9mocratisation \u00e9conomique, l&rsquo;autogestion du travail, la priorit\u00e9 des personnes au-dessus du capital, la durabilit\u00e9 de la vie et la coop\u00e9ration.<\/p>\n\n\n\n<p>L\u2019\u00c9conomie Sociale Transformatrice vise \u00e0 d\u00e9passer le mod\u00e8le capitaliste de l\u2019\u00e9conomie et de la vie, en mettant au centre d\u2019autres valeurs:<\/p>\n\n\n\n<ul>\n<li>La priorit\u00e9 est de r\u00e9pondre aux besoins du territoire et des r\u00e9sidents en mati\u00e8re de cumul des b\u00e9n\u00e9fices. <\/li>\n\n\n\n<li>Mise sur la propri\u00e9t\u00e9 collective et la gestion d\u00e9mocratique.<\/li>\n\n\n\n<li>Int\u00e8gre la perspective f\u00e9ministe de mani\u00e8re transversale<\/li>\n\n\n\n<li>Engagement envers la communaut\u00e9 et la durabilit\u00e9 de l&rsquo;environnement.<\/li>\n\n\n\n<li>Elle repose sur la participation<\/li>\n\n\n\n<li>Il a une vision transformatrice de la soci\u00e9t\u00e9 et de l&rsquo;\u00e9conomie.<\/li>\n<\/ul>\n<\/div>\n\n\n\n<div class=\"wp-block-column is-layout-flow wp-block-column-is-layout-flow\">\n<p>Cette proposition va au-del\u00e0 d&rsquo;un simple discours. En effet, en Euskal Herria, des alternatives \u00e9conomiques bas\u00e9es sur l\u2019\u00e9conomie sociale transformatrice sont en cours de cr\u00e9ation et d\u2019extension. Par exemple, finances \u00e9thiques et solidaires, agriculture agro-\u00e9cologique et circuits courts de commercialisation, production et vente d\u2019\u00e9nergie durable ou mod\u00e8les d\u2019organisation d\u2019entreprise horizontaux et participatifs.&#13;\n<\/p>\n\n\n\n<p>Toutes ces initiatives renforcent les relations sociales \u00e9galitaires et cr\u00e9ent des mod\u00e8les \u00e9conomiques et sociaux durables et \u00e9quitables, en pla\u00e7ant la personne et l&rsquo;environnement au centre. Comment? En approfondissant le d\u00e9veloppement local, en cr\u00e9ant des emplois dignes et stables et en investissant les b\u00e9n\u00e9fices qu\u2019ils g\u00e9n\u00e8rent dans les besoins du territoire et de la communaut\u00e9.<\/p>\n<\/div>\n<\/div>\n","protected":false},"excerpt":{"rendered":"<p>Qu&rsquo;est-ce que Batura? Nous identifions les collectifs que nous voulons vivre et travailler avec l\u2019aide mutuelle et les valeurs sociales, en les rendant visibles sur une carte en faveur de la coop\u00e9ration. Batura est la carte de l&rsquo;Economie Sociale Transformatrice d&rsquo;Euskal Herria, Social comme carte des initiatives qui mettent la vie au centre et apportent [&hellip;]<\/p>\n","protected":false},"author":1,"featured_media":0,"parent":0,"menu_order":0,"comment_status":"closed","ping_status":"closed","template":"","meta":{"footnotes":""},"_links":{"self":[{"href":"https:\/\/batura.eus\/fr\/wp-json\/wp\/v2\/pages\/239"}],"collection":[{"href":"https:\/\/batura.eus\/fr\/wp-json\/wp\/v2\/pages"}],"about":[{"href":"https:\/\/batura.eus\/fr\/wp-json\/wp\/v2\/types\/page"}],"author":[{"embeddable":true,"href":"https:\/\/batura.eus\/fr\/wp-json\/wp\/v2\/users\/1"}],"replies":[{"embeddable":true,"href":"https:\/\/batura.eus\/fr\/wp-json\/wp\/v2\/comments?post=239"}],"version-history":[{"count":8,"href":"https:\/\/batura.eus\/fr\/wp-json\/wp\/v2\/pages\/239\/revisions"}],"predecessor-version":[{"id":307,"href":"https:\/\/batura.eus\/fr\/wp-json\/wp\/v2\/pages\/239\/revisions\/307"}],"wp:attachment":[{"href":"https:\/\/batura.eus\/fr\/wp-json\/wp\/v2\/media?parent=239"}],"curies":[{"name":"wp","href":"https:\/\/api.w.org\/{rel}","templated":true}]}}